{"id":2162,"date":"2023-01-26T14:14:15","date_gmt":"2023-01-26T13:14:15","guid":{"rendered":"https:\/\/smgweb.de\/baff\/teamevents\/"},"modified":"2023-01-28T14:17:21","modified_gmt":"2023-01-28T13:17:21","slug":"teamevents","status":"publish","type":"page","link":"https:\/\/www.baff.eu\/en\/teamevents\/","title":{"rendered":"Teamevents"},"content":{"rendered":"\n<h1>\n\t\tTeam-Events f\u00fcr Ihre Firmenfeier: live, hybrid oder online! Wir stellen das richtige Teambuilding-Event f\u00fcr Ihr Team zusammen\n\t<\/h1>\n\t<p>Sie suchen nach einer&nbsp;au\u00dfergew\u00f6hnlichen Idee f\u00fcr Ihr n\u00e4chstes&nbsp;<strong>Teambuilding-Event, Ihre Firmenveranstaltung<\/strong>,&nbsp;<strong>Weihnachtsfeier<\/strong>&nbsp;oder Ihren&nbsp;<strong>Betriebsausflug<\/strong>? Unsere Veranstaltungen st\u00e4rken das Miteinander und bleiben lange in Erinnerung. Hierbei \u00fcbernehmen wir f\u00fcr Sie die gesamte Planung und Durchf\u00fchrung Ihres Teamevent und sorgen daf\u00fcr, dass Ihr Event f\u00fcr Ihr Team unvergesslich bleibt. Mit unseren Eventprogrammen sorgen wir daf\u00fcr, dass Ihre Mitarbeiter motiviert bleiben und das Wir-Gef\u00fchl gest\u00e4rkt wird. Wir bieten Ihnen eine gro\u00dfe Auswahl an einzigartigen Teambuilding-Events, Dinner-Shows und Firmen-Events an. Egal ob Online-Veranstaltung, Hybrid-Veranstaltung oder Live-Veranstaltung. Egal ob Indoor oder Outdoor, Workshops oder Shows. Wir stellen das richtige Event f\u00fcr Ihr Team oder Ihre n\u00e4chste Veranstaltung zusammen.<\/p>\n<p>Auf unserer Webseite <a href=\"http:\/\/www.TEAMEVENTS.net\" target=\"_blank\" rel=\"noopener\">www.TEAMEVENTS.net<\/a>&nbsp;pr\u00e4sentieren wir viele unterschiedliche Teambuilding-Events an: W\u00e4hlen Sie zum Beispiel zwischen aufregenden <strong>Trommelworkshops<\/strong>, entspannten <strong>Cocktail-Events<\/strong>, interaktiven <strong>Quizsendungen<\/strong>, coolen <strong>Koch-Shows<\/strong>, wilden <strong>iPad-Rallys<\/strong> und vielem mehr. Wir bieten Ihnen zahlreiche M\u00f6glichkeiten, Ihr Event Live vor Ort, Online oder mit unseren Hybrid-Veranstaltungen in einer Mischung aus beidem durchzuf\u00fchren.<\/p>\n<h2>\n\t\tIdeen f\u00fcr Teambuilding-Events. Mit uns wird Ihr Event ein Erfolg.\n\t<\/h2>\n<p>Sie sind auf der Suche nach Ma\u00dfnahmen zum Teambuilding, die von Ihrer Belegschaft auch angenommen werden? Dann sind Sie bei uns genau richtig. Denn wir bieten Ihnen&nbsp;Teamevents&nbsp;f\u00fcr das&nbsp;Teambuilding&nbsp;an, mit denen Sie sicherlich Erfolg haben werden. Die Relevanz von Teambuilding und Teambuildingevents sollte man keinesfalls vernachl\u00e4ssigen. Denn der Zusammenhalt der Mitarbeiter und die Stimmung im Team ist von gro\u00dfer Bedeutung, um langfristig eine entsprechende Produktivit\u00e4t an den Tag zu legen. Und mit uns haben Sie einen Partner f\u00fcr Teambuildingevents an Ihrer Seite. So k\u00f6nnen Sie sich weiter um andere Aufgaben in Ihrem Unternehmen k\u00fcmmern, w\u00e4hrend wir daf\u00fcr sorgen, dass Ihr Event f\u00fcr das Teambuilding professionell geplant und schlie\u00dflich auch durchgef\u00fchrt wird. Nutzen Sie gerne unser&nbsp;Kontaktformular&nbsp;und fragen Sie gerne bei uns an, damit wir auch Ihnen unsere professionelle Unterst\u00fctzung anbieten k\u00f6nnen.<\/p>\n<p>Dank unserer langj\u00e4hrigen Erfahrung im Bereich der&nbsp;Teambuildingevents&nbsp;k\u00f6nnen wir f\u00fcr jede Anfrage das passende Angebot erstellen. Schauen Sie sich doch erst einmal auf unserer Webseite um und verschaffen Sie sich einen \u00dcberblick \u00fcber die unterschiedlichen M\u00f6glichkeiten. Und sobald Sie einen Favoriten gefunden haben, k\u00f6nnen Sie sich gerne \u00fcber unser&nbsp;Kontaktformular&nbsp;an uns wenden. Allerdings stehen wir Ihnen auch dann gerne zur Seite, wenn Sie zumindest auf den ersten Blick noch nicht das passende Teamevent f\u00fcr Ihr Unternehmen gefunden haben. Gerne er\u00f6rtern wir dann gemeinsam mit Ihnen Ihre Anspr\u00fcche und schlagen im Anschluss daran passende Events vor. Selbstverst\u00e4ndlich sind in diesem Zusammenhang auch Individualisierungen m\u00f6glich. So k\u00f6nnen wir sicherstellen, dass unsere Kunden stets die passenden Teamevents durchf\u00fchren k\u00f6nnen und der Aufwand im Bereich Teambuilding nicht ins Leere l\u00e4uft. Unser hohes Ma\u00df an Kundenzufriedenheit spricht klar f\u00fcr uns.<\/p>\n\t<h2>Sie m\u00f6chten uns buchen?<\/h2>\n<p>Senden Sie uns per E-Mail eine Buchungsanfrage.<\/p>\n\t\t\t<a href=\"https:\/\/www.baff.eu\/en\/contact\/\" target=\"_self\" role=\"button\" rel=\"noopener\">\n\t\t\t\t\t\t\tZur Buchungsanfrage\n\t\t\t\t\t<\/a>\n","protected":false},"excerpt":{"rendered":"<p>Team-Events f\u00fcr Ihre Firmenfeier: live, hybrid oder online! Wir stellen das richtige Teambuilding-Event f\u00fcr Ihr Team zusammen Sie suchen nach einer&nbsp;au\u00dfergew\u00f6hnlichen Idee f\u00fcr Ihr n\u00e4chstes&nbsp;Teambuilding-Event, Ihre Firmenveranstaltung,&nbsp;Weihnachtsfeier&nbsp;oder Ihren&nbsp;Betriebsausflug? Unsere Veranstaltungen st\u00e4rken das Miteinander und bleiben lange in Erinnerung. Hierbei \u00fcbernehmen wir f\u00fcr Sie die gesamte Planung und Durchf\u00fchrung Ihres Teamevent und sorgen daf\u00fcr, dass Ihr&hellip;<\/p>\n","protected":false},"author":2,"featured_media":2610,"parent":0,"menu_order":0,"comment_status":"closed","ping_status":"closed","template":"","meta":{"_seopress_robots_primary_cat":"","_seopress_titles_title":"%%sitetitle%% %%sep%% Team-Events f\u00fcr Ihre Firmenfeier","_seopress_titles_desc":"Sie suchen nach einer au\u00dfergew\u00f6hnlichen Idee f\u00fcr Ihr n\u00e4chstes Teambuilding-Event, Ihre Firmenveranstaltung, Weihnachtsfeier oder Ihren Betriebsausflug? Unsere Veranstaltungen st\u00e4rken das Miteinander und bleiben lange in Erinnerung. ","_seopress_robots_index":"","footnotes":"","_links_to":"","_links_to_target":""},"class_list":["post-2162","page","type-page","status-publish","has-post-thumbnail","hentry"],"_links":{"self":[{"href":"https:\/\/www.baff.eu\/en\/wp-json\/wp\/v2\/pages\/2162","targetHints":{"allow":["GET"]}}],"collection":[{"href":"https:\/\/www.baff.eu\/en\/wp-json\/wp\/v2\/pages"}],"about":[{"href":"https:\/\/www.baff.eu\/en\/wp-json\/wp\/v2\/types\/page"}],"author":[{"embeddable":true,"href":"https:\/\/www.baff.eu\/en\/wp-json\/wp\/v2\/users\/2"}],"replies":[{"embeddable":true,"href":"https:\/\/www.baff.eu\/en\/wp-json\/wp\/v2\/comments?post=2162"}],"version-history":[{"count":0,"href":"https:\/\/www.baff.eu\/en\/wp-json\/wp\/v2\/pages\/2162\/revisions"}],"wp:featuredmedia":[{"embeddable":true,"href":"https:\/\/www.baff.eu\/en\/wp-json\/wp\/v2\/media\/2610"}],"wp:attachment":[{"href":"https:\/\/www.baff.eu\/en\/wp-json\/wp\/v2\/media?parent=2162"}],"curies":[{"name":"wp","href":"https:\/\/api.w.org\/{rel}","templated":true}]}}